{"id":3569,"date":"2026-02-24T09:49:27","date_gmt":"2026-02-24T09:49:27","guid":{"rendered":"https:\/\/svpchem.eu\/produktas\/svp-srodek-do-czyszczenia-deski-rozdzielczej-dashboard-wax\/"},"modified":"2026-02-24T09:49:27","modified_gmt":"2026-02-24T09:49:27","slug":"svp-srodek-do-czyszczenia-deski-rozdzielczej-dashboard-wax","status":"publish","type":"product","link":"https:\/\/svpchem.eu\/pl\/produktas\/svp-srodek-do-czyszczenia-deski-rozdzielczej-dashboard-wax\/","title":{"rendered":"SVP \u015arodek do czyszczenia deski rozdzielczej DASHBOARD WAX"},"content":{"rendered":"","protected":false},"excerpt":{"rendered":"<p><strong>Opis:<\/strong><\/p>\n<p>Jest to najwy\u017cszej jako\u015bci wosk w aerozolu do deski rozdzielczej samochodu oraz innych element\u00f3w plastikowych i winylowych. Specjalna formu\u0142a nie tylko skutecznie czy\u015bci, ale tak\u017ce nadaje powierzchniom intensywny, bogaty po\u0142ysk, kt\u00f3ry odnawia nawet wyblak\u0142e tworzywa sztuczne. Tworzy d\u0142ugotrwa\u0142\u0105 warstw\u0119 ochronn\u0105, kt\u00f3ra zapobiega gromadzeniu si\u0119 kurzu i chroni przed bezpo\u015brednim dzia\u0142aniem promieni s\u0142onecznych.  <\/p>\n<p><strong>Najwa\u017cniejsze cechy:<\/strong><\/p>\n<ul>\n<li><strong>Ekstremalny po\u0142ysk:<\/strong> nadaje powierzchniom lustrzany po\u0142ysk i efekt nowego samochodu.<\/li>\n<li><strong>Ochrona antystatyczna:<\/strong> skutecznie odpycha kurz, utrzymuj\u0105c wn\u0119trze w czysto\u015bci na d\u0142u\u017cej.<\/li>\n<li><strong>Filtr UV:<\/strong> chroni plastikowe cz\u0119\u015bci przed wysychaniem, p\u0119kaniem i utrat\u0105 koloru (blakni\u0119ciem).<\/li>\n<li><strong>Od\u015bwie\u017caj\u0105cy zapach:<\/strong> pozostawia przyjemny i d\u0142ugotrwa\u0142y zapach w samochodzie po czyszczeniu.<\/li>\n<\/ul>\n<p><strong>Zastosowanie:<\/strong><\/p>\n<p>Przed u\u017cyciem dobrze wstrz\u0105sn\u0105\u0107 fiolk\u0105. Rozpyli\u0107 bezpo\u015brednio na czyszczon\u0105 powierzchni\u0119 z odleg\u0142o\u015bci oko\u0142o 20 cm. Za pomoc\u0105 mi\u0119kkiej, czystej szmatki r\u00f3wnomiernie rozprowadzi\u0107 wosk i polerowa\u0107 do uzyskania po\u017c\u0105danego po\u0142ysku.  <\/p>\n<p>Podczas czyszczenia obszar\u00f3w w pobli\u017cu szyby, rozpyla\u0107 bezpo\u015brednio na \u015bciereczk\u0119, aby unikn\u0105\u0107 plam na szybach. <strong>Unika\u0107:<\/strong> Nie u\u017cywa\u0107 na kierownicach, peda\u0142ach, d\u017awigniach zmiany bieg\u00f3w i przednich szybach, poniewa\u017c powierzchnia staje si\u0119 bardzo \u015bliska.<\/p>\n<p><strong>Korzy\u015bci:<\/strong><\/p>\n<ul>\n<li><strong>Wyj\u0105tkowa estetyka:<\/strong> wn\u0119trze samochodu b\u0119dzie wygl\u0105da\u0107 luksusowo i bardzo schludnie.<\/li>\n<li><strong>Szybkie rezultaty:<\/strong> formu\u0142a aerozolu umo\u017cliwia pokrycie du\u017cych powierzchni w kilka sekund.<\/li>\n<li><strong>Praktyczne:<\/strong> Mniej czasu sp\u0119dzonego na odkurzaniu dzi\u0119ki silnemu efektowi antystatycznemu.<\/li>\n<li><strong>Wszechstronno\u015b\u0107:<\/strong> idealny do wszystkich plastikowych, gumowych i winylowych cz\u0119\u015bci, nie tylko w samochodzie, ale tak\u017ce w domu.<\/li>\n<\/ul>\n<p><strong>Informacje techniczne:<\/strong><\/p>\n<ul>\n<li><strong>Pojemno\u015b\u0107:<\/strong> 400 ml<\/li>\n<li><strong>Typ:<\/strong> wosk w aerozolu (spray).<\/li>\n<li><strong>Zastosowanie:<\/strong> deska rozdzielcza, tapicerka drzwi, elementy plastikowe.<\/li>\n<li><strong>Zalecenie:<\/strong> regularne stosowanie pomaga zachowa\u0107 elastyczno\u015b\u0107 i oryginalny wygl\u0105d plastikowych cz\u0119\u015bci.<\/li>\n<\/ul>\n","protected":false},"featured_media":3376,"template":"","meta":[],"product_brand":[],"product_cat":[354,203],"product_tag":[],"class_list":{"0":"post-3569","1":"product","2":"type-product","3":"status-publish","4":"has-post-thumbnail","6":"product_cat-produkcja-na-zamowienie","7":"product_cat-produkty-do-pielegnacji-samochodow-i-materialy-eksploatacyjne","9":"first","10":"instock","11":"shipping-taxable","12":"product-type-simple"},"yoast_head":"<!-- This site is optimized with the Yoast SEO plugin v27.3 - https:\/\/yoast.com\/product\/yoast-seo-wordpress\/ -->\n<title>SVP \u015arodek do czyszczenia deski rozdzielczej DASHBOARD WAX - svpchem.eu<\/title>\n<meta name=\"description\" content=\"SVP Dashboard Wax Dashboard Cleaner - skutecznie czy\u015bci, od\u015bwie\u017ca i nadaje po\u0142ysk plastikowym powierzchniom wewn\u0105trz samochodu. Chroni przed kurzem, blakni\u0119ciem i nadaje d\u0142ugotrwa\u0142y \u015bwie\u017cy wygl\u0105d. Odpowiedni do codziennej konserwacji.\" \/>\n<meta name=\"robots\" content=\"index, follow, max-snippet:-1, max-image-preview:large, max-video-preview:-1\" \/>\n<link rel=\"canonical\" href=\"https:\/\/svpchem.eu\/pl\/produktas\/svp-srodek-do-czyszczenia-deski-rozdzielczej-dashboard-wax\/\" \/>\n<meta property=\"og:locale\" content=\"pl_PL\" \/>\n<meta property=\"og:type\" content=\"article\" \/>\n<meta property=\"og:title\" content=\"SVP \u015arodek do czyszczenia deski rozdzielczej DASHBOARD WAX - svpchem.eu\" \/>\n<meta property=\"og:description\" content=\"SVP Dashboard Wax Dashboard Cleaner - skutecznie czy\u015bci, od\u015bwie\u017ca i nadaje po\u0142ysk plastikowym powierzchniom wewn\u0105trz samochodu. Chroni przed kurzem, blakni\u0119ciem i nadaje d\u0142ugotrwa\u0142y \u015bwie\u017cy wygl\u0105d. Odpowiedni do codziennej konserwacji.\" \/>\n<meta property=\"og:url\" content=\"https:\/\/svpchem.eu\/pl\/produktas\/svp-srodek-do-czyszczenia-deski-rozdzielczej-dashboard-wax\/\" \/>\n<meta property=\"og:site_name\" content=\"svpchem.eu\" \/>\n<meta property=\"og:image\" content=\"https:\/\/svpchem.eu\/wp-content\/uploads\/2026\/02\/Prietaisu-skydelio-vaskas-Dashboard-wax-SVP-koreguotas.jpg\" \/>\n\t<meta property=\"og:image:width\" content=\"1024\" \/>\n\t<meta property=\"og:image:height\" content=\"1024\" \/>\n\t<meta property=\"og:image:type\" content=\"image\/jpeg\" \/>\n<meta name=\"twitter:card\" content=\"summary_large_image\" \/>\n<script type=\"application\/ld+json\" class=\"yoast-schema-graph\">{\"@context\":\"https:\\\/\\\/schema.org\",\"@graph\":[{\"@type\":\"WebPage\",\"@id\":\"https:\\\/\\\/svpchem.eu\\\/pl\\\/produktas\\\/svp-srodek-do-czyszczenia-deski-rozdzielczej-dashboard-wax\\\/\",\"url\":\"https:\\\/\\\/svpchem.eu\\\/pl\\\/produktas\\\/svp-srodek-do-czyszczenia-deski-rozdzielczej-dashboard-wax\\\/\",\"name\":\"SVP \u015arodek do czyszczenia deski rozdzielczej DASHBOARD WAX - svpchem.eu\",\"isPartOf\":{\"@id\":\"https:\\\/\\\/svpchem.eu\\\/pl\\\/#website\"},\"primaryImageOfPage\":{\"@id\":\"https:\\\/\\\/svpchem.eu\\\/pl\\\/produktas\\\/svp-srodek-do-czyszczenia-deski-rozdzielczej-dashboard-wax\\\/#primaryimage\"},\"image\":{\"@id\":\"https:\\\/\\\/svpchem.eu\\\/pl\\\/produktas\\\/svp-srodek-do-czyszczenia-deski-rozdzielczej-dashboard-wax\\\/#primaryimage\"},\"thumbnailUrl\":\"https:\\\/\\\/svpchem.eu\\\/wp-content\\\/uploads\\\/2026\\\/02\\\/Prietaisu-skydelio-vaskas-Dashboard-wax-SVP-koreguotas.jpg\",\"datePublished\":\"2026-02-24T09:49:27+00:00\",\"description\":\"SVP Dashboard Wax Dashboard Cleaner - skutecznie czy\u015bci, od\u015bwie\u017ca i nadaje po\u0142ysk plastikowym powierzchniom wewn\u0105trz samochodu. Chroni przed kurzem, blakni\u0119ciem i nadaje d\u0142ugotrwa\u0142y \u015bwie\u017cy wygl\u0105d. Odpowiedni do codziennej konserwacji.\",\"breadcrumb\":{\"@id\":\"https:\\\/\\\/svpchem.eu\\\/pl\\\/produktas\\\/svp-srodek-do-czyszczenia-deski-rozdzielczej-dashboard-wax\\\/#breadcrumb\"},\"inLanguage\":\"pl-PL\",\"potentialAction\":[{\"@type\":\"ReadAction\",\"target\":[\"https:\\\/\\\/svpchem.eu\\\/pl\\\/produktas\\\/svp-srodek-do-czyszczenia-deski-rozdzielczej-dashboard-wax\\\/\"]}]},{\"@type\":\"ImageObject\",\"inLanguage\":\"pl-PL\",\"@id\":\"https:\\\/\\\/svpchem.eu\\\/pl\\\/produktas\\\/svp-srodek-do-czyszczenia-deski-rozdzielczej-dashboard-wax\\\/#primaryimage\",\"url\":\"https:\\\/\\\/svpchem.eu\\\/wp-content\\\/uploads\\\/2026\\\/02\\\/Prietaisu-skydelio-vaskas-Dashboard-wax-SVP-koreguotas.jpg\",\"contentUrl\":\"https:\\\/\\\/svpchem.eu\\\/wp-content\\\/uploads\\\/2026\\\/02\\\/Prietaisu-skydelio-vaskas-Dashboard-wax-SVP-koreguotas.jpg\",\"width\":1024,\"height\":1024},{\"@type\":\"BreadcrumbList\",\"@id\":\"https:\\\/\\\/svpchem.eu\\\/pl\\\/produktas\\\/svp-srodek-do-czyszczenia-deski-rozdzielczej-dashboard-wax\\\/#breadcrumb\",\"itemListElement\":[{\"@type\":\"ListItem\",\"position\":1,\"name\":\"Strona g\u0142\u00f3wna\",\"item\":\"https:\\\/\\\/svpchem.eu\\\/pl\\\/o-nas\\\/\"},{\"@type\":\"ListItem\",\"position\":2,\"name\":\"Sklep\",\"item\":\"https:\\\/\\\/svpchem.eu\\\/pl\\\/sklep\\\/\"},{\"@type\":\"ListItem\",\"position\":3,\"name\":\"SVP \u015arodek do czyszczenia deski rozdzielczej DASHBOARD WAX\"}]},{\"@type\":\"WebSite\",\"@id\":\"https:\\\/\\\/svpchem.eu\\\/pl\\\/#website\",\"url\":\"https:\\\/\\\/svpchem.eu\\\/pl\\\/\",\"name\":\"svpchem.eu\",\"description\":\"\",\"publisher\":{\"@id\":\"https:\\\/\\\/svpchem.eu\\\/pl\\\/#organization\"},\"potentialAction\":[{\"@type\":\"SearchAction\",\"target\":{\"@type\":\"EntryPoint\",\"urlTemplate\":\"https:\\\/\\\/svpchem.eu\\\/pl\\\/?s={search_term_string}\"},\"query-input\":{\"@type\":\"PropertyValueSpecification\",\"valueRequired\":true,\"valueName\":\"search_term_string\"}}],\"inLanguage\":\"pl-PL\"},{\"@type\":\"Organization\",\"@id\":\"https:\\\/\\\/svpchem.eu\\\/pl\\\/#organization\",\"name\":\"svpchem.eu\",\"url\":\"https:\\\/\\\/svpchem.eu\\\/pl\\\/\",\"logo\":{\"@type\":\"ImageObject\",\"inLanguage\":\"pl-PL\",\"@id\":\"https:\\\/\\\/svpchem.eu\\\/pl\\\/#\\\/schema\\\/logo\\\/image\\\/\",\"url\":\"https:\\\/\\\/svpchem.eu\\\/wp-content\\\/uploads\\\/2025\\\/12\\\/logo_cropped_no_bg_20251217-1.png\",\"contentUrl\":\"https:\\\/\\\/svpchem.eu\\\/wp-content\\\/uploads\\\/2025\\\/12\\\/logo_cropped_no_bg_20251217-1.png\",\"width\":851,\"height\":430,\"caption\":\"svpchem.eu\"},\"image\":{\"@id\":\"https:\\\/\\\/svpchem.eu\\\/pl\\\/#\\\/schema\\\/logo\\\/image\\\/\"}}]}<\/script>\n<!-- \/ Yoast SEO plugin. -->","yoast_head_json":{"title":"SVP \u015arodek do czyszczenia deski rozdzielczej DASHBOARD WAX - svpchem.eu","description":"SVP Dashboard Wax Dashboard Cleaner - skutecznie czy\u015bci, od\u015bwie\u017ca i nadaje po\u0142ysk plastikowym powierzchniom wewn\u0105trz samochodu. Chroni przed kurzem, blakni\u0119ciem i nadaje d\u0142ugotrwa\u0142y \u015bwie\u017cy wygl\u0105d. Odpowiedni do codziennej konserwacji.","robots":{"index":"index","follow":"follow","max-snippet":"max-snippet:-1","max-image-preview":"max-image-preview:large","max-video-preview":"max-video-preview:-1"},"canonical":"https:\/\/svpchem.eu\/pl\/produktas\/svp-srodek-do-czyszczenia-deski-rozdzielczej-dashboard-wax\/","og_locale":"pl_PL","og_type":"article","og_title":"SVP \u015arodek do czyszczenia deski rozdzielczej DASHBOARD WAX - svpchem.eu","og_description":"SVP Dashboard Wax Dashboard Cleaner - skutecznie czy\u015bci, od\u015bwie\u017ca i nadaje po\u0142ysk plastikowym powierzchniom wewn\u0105trz samochodu. Chroni przed kurzem, blakni\u0119ciem i nadaje d\u0142ugotrwa\u0142y \u015bwie\u017cy wygl\u0105d. Odpowiedni do codziennej konserwacji.","og_url":"https:\/\/svpchem.eu\/pl\/produktas\/svp-srodek-do-czyszczenia-deski-rozdzielczej-dashboard-wax\/","og_site_name":"svpchem.eu","og_image":[{"width":1024,"height":1024,"url":"https:\/\/svpchem.eu\/wp-content\/uploads\/2026\/02\/Prietaisu-skydelio-vaskas-Dashboard-wax-SVP-koreguotas.jpg","type":"image\/jpeg"}],"twitter_card":"summary_large_image","schema":{"@context":"https:\/\/schema.org","@graph":[{"@type":"WebPage","@id":"https:\/\/svpchem.eu\/pl\/produktas\/svp-srodek-do-czyszczenia-deski-rozdzielczej-dashboard-wax\/","url":"https:\/\/svpchem.eu\/pl\/produktas\/svp-srodek-do-czyszczenia-deski-rozdzielczej-dashboard-wax\/","name":"SVP \u015arodek do czyszczenia deski rozdzielczej DASHBOARD WAX - svpchem.eu","isPartOf":{"@id":"https:\/\/svpchem.eu\/pl\/#website"},"primaryImageOfPage":{"@id":"https:\/\/svpchem.eu\/pl\/produktas\/svp-srodek-do-czyszczenia-deski-rozdzielczej-dashboard-wax\/#primaryimage"},"image":{"@id":"https:\/\/svpchem.eu\/pl\/produktas\/svp-srodek-do-czyszczenia-deski-rozdzielczej-dashboard-wax\/#primaryimage"},"thumbnailUrl":"https:\/\/svpchem.eu\/wp-content\/uploads\/2026\/02\/Prietaisu-skydelio-vaskas-Dashboard-wax-SVP-koreguotas.jpg","datePublished":"2026-02-24T09:49:27+00:00","description":"SVP Dashboard Wax Dashboard Cleaner - skutecznie czy\u015bci, od\u015bwie\u017ca i nadaje po\u0142ysk plastikowym powierzchniom wewn\u0105trz samochodu. Chroni przed kurzem, blakni\u0119ciem i nadaje d\u0142ugotrwa\u0142y \u015bwie\u017cy wygl\u0105d. Odpowiedni do codziennej konserwacji.","breadcrumb":{"@id":"https:\/\/svpchem.eu\/pl\/produktas\/svp-srodek-do-czyszczenia-deski-rozdzielczej-dashboard-wax\/#breadcrumb"},"inLanguage":"pl-PL","potentialAction":[{"@type":"ReadAction","target":["https:\/\/svpchem.eu\/pl\/produktas\/svp-srodek-do-czyszczenia-deski-rozdzielczej-dashboard-wax\/"]}]},{"@type":"ImageObject","inLanguage":"pl-PL","@id":"https:\/\/svpchem.eu\/pl\/produktas\/svp-srodek-do-czyszczenia-deski-rozdzielczej-dashboard-wax\/#primaryimage","url":"https:\/\/svpchem.eu\/wp-content\/uploads\/2026\/02\/Prietaisu-skydelio-vaskas-Dashboard-wax-SVP-koreguotas.jpg","contentUrl":"https:\/\/svpchem.eu\/wp-content\/uploads\/2026\/02\/Prietaisu-skydelio-vaskas-Dashboard-wax-SVP-koreguotas.jpg","width":1024,"height":1024},{"@type":"BreadcrumbList","@id":"https:\/\/svpchem.eu\/pl\/produktas\/svp-srodek-do-czyszczenia-deski-rozdzielczej-dashboard-wax\/#breadcrumb","itemListElement":[{"@type":"ListItem","position":1,"name":"Strona g\u0142\u00f3wna","item":"https:\/\/svpchem.eu\/pl\/o-nas\/"},{"@type":"ListItem","position":2,"name":"Sklep","item":"https:\/\/svpchem.eu\/pl\/sklep\/"},{"@type":"ListItem","position":3,"name":"SVP \u015arodek do czyszczenia deski rozdzielczej DASHBOARD WAX"}]},{"@type":"WebSite","@id":"https:\/\/svpchem.eu\/pl\/#website","url":"https:\/\/svpchem.eu\/pl\/","name":"svpchem.eu","description":"","publisher":{"@id":"https:\/\/svpchem.eu\/pl\/#organization"},"potentialAction":[{"@type":"SearchAction","target":{"@type":"EntryPoint","urlTemplate":"https:\/\/svpchem.eu\/pl\/?s={search_term_string}"},"query-input":{"@type":"PropertyValueSpecification","valueRequired":true,"valueName":"search_term_string"}}],"inLanguage":"pl-PL"},{"@type":"Organization","@id":"https:\/\/svpchem.eu\/pl\/#organization","name":"svpchem.eu","url":"https:\/\/svpchem.eu\/pl\/","logo":{"@type":"ImageObject","inLanguage":"pl-PL","@id":"https:\/\/svpchem.eu\/pl\/#\/schema\/logo\/image\/","url":"https:\/\/svpchem.eu\/wp-content\/uploads\/2025\/12\/logo_cropped_no_bg_20251217-1.png","contentUrl":"https:\/\/svpchem.eu\/wp-content\/uploads\/2025\/12\/logo_cropped_no_bg_20251217-1.png","width":851,"height":430,"caption":"svpchem.eu"},"image":{"@id":"https:\/\/svpchem.eu\/pl\/#\/schema\/logo\/image\/"}}]}},"_links":{"self":[{"href":"https:\/\/svpchem.eu\/pl\/wp-json\/wp\/v2\/product\/3569","targetHints":{"allow":["GET"]}}],"collection":[{"href":"https:\/\/svpchem.eu\/pl\/wp-json\/wp\/v2\/product"}],"about":[{"href":"https:\/\/svpchem.eu\/pl\/wp-json\/wp\/v2\/types\/product"}],"wp:featuredmedia":[{"embeddable":true,"href":"https:\/\/svpchem.eu\/pl\/wp-json\/wp\/v2\/media\/3376"}],"wp:attachment":[{"href":"https:\/\/svpchem.eu\/pl\/wp-json\/wp\/v2\/media?parent=3569"}],"wp:term":[{"taxonomy":"product_brand","embeddable":true,"href":"https:\/\/svpchem.eu\/pl\/wp-json\/wp\/v2\/product_brand?post=3569"},{"taxonomy":"product_cat","embeddable":true,"href":"https:\/\/svpchem.eu\/pl\/wp-json\/wp\/v2\/product_cat?post=3569"},{"taxonomy":"product_tag","embeddable":true,"href":"https:\/\/svpchem.eu\/pl\/wp-json\/wp\/v2\/product_tag?post=3569"}],"curies":[{"name":"wp","href":"https:\/\/api.w.org\/{rel}","templated":true}]}}